{"id":81,"date":"2025-09-18T10:06:47","date_gmt":"2025-09-18T10:06:47","guid":{"rendered":"https:\/\/betabuzau.com\/?page_id=81"},"modified":"2026-01-29T09:58:11","modified_gmt":"2026-01-29T09:58:11","slug":"politica-de-confidentialitate","status":"publish","type":"page","link":"https:\/\/betabuzau.com\/ro\/politica-de-confidentialitate\/","title":{"rendered":"Politica de confiden\u021bialitate"},"content":{"rendered":"<div data-elementor-type=\"wp-page\" data-elementor-id=\"81\" class=\"elementor elementor-81\" data-elementor-post-type=\"page\">\n\t\t\t\t<div class=\"elementor-element elementor-element-9ae4b4b e-flex e-con-boxed e-con e-parent\" data-id=\"9ae4b4b\" data-element_type=\"container\" data-settings=\"{&quot;background_background&quot;:&quot;slideshow&quot;,&quot;background_slideshow_gallery&quot;:[{&quot;id&quot;:1071,&quot;url&quot;:&quot;https:\\\/\\\/betabuzau.com\\\/wp-content\\\/uploads\\\/2025\\\/09\\\/BETA-scaled-1.jpg&quot;},{&quot;id&quot;:1070,&quot;url&quot;:&quot;https:\\\/\\\/betabuzau.com\\\/wp-content\\\/uploads\\\/2025\\\/09\\\/BETA-20-1-scaled-2.jpg&quot;}],&quot;background_slideshow_loop&quot;:&quot;yes&quot;,&quot;background_slideshow_slide_duration&quot;:5000,&quot;background_slideshow_slide_transition&quot;:&quot;fade&quot;,&quot;background_slideshow_transition_duration&quot;:500,&quot;ekit_has_onepagescroll_dot&quot;:&quot;yes&quot;}\">\n\t\t\t\t\t<div class=\"e-con-inner\">\n\t\t<div class=\"elementor-element elementor-element-93e0169 e-con-full e-flex e-con e-child\" data-id=\"93e0169\" data-element_type=\"container\" data-settings=\"{&quot;ekit_has_onepagescroll_dot&quot;:&quot;yes&quot;}\">\n\t\t\t\t<\/div>\n\t\t\t\t\t<\/div>\n\t\t\t\t<\/div>\n\t\t<div class=\"elementor-element elementor-element-7e0a21b5 e-flex e-con-boxed e-con e-parent\" data-id=\"7e0a21b5\" data-element_type=\"container\" data-settings=\"{&quot;ekit_has_onepagescroll_dot&quot;:&quot;yes&quot;}\">\n\t\t\t\t\t<div class=\"e-con-inner\">\n\t\t\t\t<div class=\"elementor-element elementor-element-3e7d7d51 elementor-widget elementor-widget-text-editor\" data-id=\"3e7d7d51\" data-element_type=\"widget\" data-settings=\"{&quot;ekit_we_effect_on&quot;:&quot;none&quot;}\" data-widget_type=\"text-editor.default\">\n\t\t\t\t\t\t\t\t\t\n<h2 class=\"wp-block-heading\">1. Operator de date<\/h2>\n\n<p><br \/>Operatorul de date cu caracter personal este BETA SA. Prelucrarea datelor se face \u00een conformitate cu <strong>Regulamentul (UE) 2016\/679 (GDPR).<\/strong><\/p>\n\n<h2 class=\"wp-block-heading\">2. Tipuri de date colectate<\/h2>\n\n<p><br \/>Putem colecta urm\u0103toarele date cu caracter personal: nume, prenume, adres\u0103 de e-mail, num\u0103r de telefon \u0219i informa\u021bii<br \/>transmise prin intermediul formularelor de contact.<br \/><br \/><\/p>\n\n<h2 class=\"wp-block-heading\">3. Scopul prelucr\u0103rii<\/h2>\n\n<p><br \/>Datele cu caracter personal sunt prelucrate \u00een scopuri de comunicare, de r\u0103spuns la solicit\u0103ri \u0219i de gestionare a contractelor<br \/>sau rela\u021bii precontractuale.<br \/><br \/><\/p>\n\n<h2 class=\"wp-block-heading\">4. Drepturile persoanelor vizate<\/h2>\n\n<p><br \/>\u00cen conformitate cu Regulamentul (UE) 2016\/679 (GDPR), ave\u021bi dreptul de acces, rectificare, \u0219tergere, restric\u021bionare a prelucr\u0103rii, opozi\u021bie \u0219i portabilitate a datelor \u00eempotriva accesului neautorizat, pierderii sau distrugerii<\/p>\n\n<h2 class=\"wp-block-heading\">5. Securitatea datelor<\/h2>\n\n<p><br \/>BETA SA pune \u00een aplicare m\u0103suri tehnice \u0219i organiza\u021bionale adecvate pentru a asigura securitatea \u0219i<br \/>confiden\u021bialitatea datelor cu caracter personal.<br \/><br \/><\/p>\n\n<h2>6. Modific\u0103ri ale politicii GDPR<\/h2>\n\n<p>Beta \u00ee\u0219i rezerv\u0103 dreptul de a actualiza aceast\u0103 politic\u0103. Orice modific\u0103ri vor fi postate pe site-ul web.<\/p>\n\t\t\t\t\t\t\t\t<\/div>\n\t\t\t\t\t<\/div>\n\t\t\t\t<\/div>\n\t\t\t\t<\/div>","protected":false},"excerpt":{"rendered":"<p>1. Data Controller The personal data controller is BETA SA. Data processing is done in accordance with Regulation (EU) 2016\/679 (GDPR). 2. Types of Data Collected We may collect the following personal data: name, surname, email address, phone number, and informationsubmitted through contact forms. 3. Purpose of Processing Personal data is processed for communication purposes, [&hellip;]<\/p>","protected":false},"author":1,"featured_media":0,"parent":0,"menu_order":0,"comment_status":"closed","ping_status":"closed","template":"elementor_header_footer","meta":{"footnotes":""},"class_list":["post-81","page","type-page","status-publish","hentry"],"_links":{"self":[{"href":"https:\/\/betabuzau.com\/ro\/wp-json\/wp\/v2\/pages\/81","targetHints":{"allow":["GET"]}}],"collection":[{"href":"https:\/\/betabuzau.com\/ro\/wp-json\/wp\/v2\/pages"}],"about":[{"href":"https:\/\/betabuzau.com\/ro\/wp-json\/wp\/v2\/types\/page"}],"author":[{"embeddable":true,"href":"https:\/\/betabuzau.com\/ro\/wp-json\/wp\/v2\/users\/1"}],"replies":[{"embeddable":true,"href":"https:\/\/betabuzau.com\/ro\/wp-json\/wp\/v2\/comments?post=81"}],"version-history":[{"count":5,"href":"https:\/\/betabuzau.com\/ro\/wp-json\/wp\/v2\/pages\/81\/revisions"}],"predecessor-version":[{"id":2939,"href":"https:\/\/betabuzau.com\/ro\/wp-json\/wp\/v2\/pages\/81\/revisions\/2939"}],"wp:attachment":[{"href":"https:\/\/betabuzau.com\/ro\/wp-json\/wp\/v2\/media?parent=81"}],"curies":[{"name":"wp","href":"https:\/\/api.w.org\/{rel}","templated":true}]}}